{"id":126,"date":"2023-04-11T11:14:49","date_gmt":"2023-04-11T09:14:49","guid":{"rendered":"http:\/\/aunda.berlin\/?page_id=126"},"modified":"2023-04-11T12:00:08","modified_gmt":"2023-04-11T10:00:08","slug":"kuechenausstattung","status":"publish","type":"page","link":"http:\/\/aunda.berlin\/?page_id=126","title":{"rendered":"K\u00fcchenausstattung"},"content":{"rendered":"<figure id=\"attachment_186\" aria-describedby=\"caption-attachment-186\" style=\"width: 300px\" class=\"wp-caption alignnone\"><a href=\"http:\/\/aunda.berlin\/wp-content\/uploads\/2023\/04\/Sonderanfertigung-scaled.jpg\"><img decoding=\"async\" loading=\"lazy\" class=\"wp-image-186 size-medium\" src=\"http:\/\/aunda.berlin\/wp-content\/uploads\/2023\/04\/Sonderanfertigung-300x225.jpg\" alt=\"\" width=\"300\" height=\"225\" srcset=\"http:\/\/aunda.berlin\/wp-content\/uploads\/2023\/04\/Sonderanfertigung-300x225.jpg 300w, http:\/\/aunda.berlin\/wp-content\/uploads\/2023\/04\/Sonderanfertigung-1024x768.jpg 1024w, http:\/\/aunda.berlin\/wp-content\/uploads\/2023\/04\/Sonderanfertigung-768x576.jpg 768w, http:\/\/aunda.berlin\/wp-content\/uploads\/2023\/04\/Sonderanfertigung-1536x1152.jpg 1536w, http:\/\/aunda.berlin\/wp-content\/uploads\/2023\/04\/Sonderanfertigung-2048x1536.jpg 2048w\" sizes=\"(max-width: 300px) 100vw, 300px\" \/><\/a><figcaption id=\"caption-attachment-186\" class=\"wp-caption-text\">Sonderanfertigung Abwurfschacht f\u00fcr K\u00fcchenabf\u00e4lle<\/figcaption><\/figure>\n<figure id=\"attachment_169\" aria-describedby=\"caption-attachment-169\" style=\"width: 300px\" class=\"wp-caption alignnone\"><a href=\"http:\/\/aunda.berlin\/wp-content\/uploads\/2023\/04\/Regale-scaled.jpg\"><img decoding=\"async\" loading=\"lazy\" class=\"wp-image-169 size-medium\" src=\"http:\/\/aunda.berlin\/wp-content\/uploads\/2023\/04\/Regale-300x225.jpg\" alt=\"\" width=\"300\" height=\"225\" srcset=\"http:\/\/aunda.berlin\/wp-content\/uploads\/2023\/04\/Regale-300x225.jpg 300w, http:\/\/aunda.berlin\/wp-content\/uploads\/2023\/04\/Regale-1024x768.jpg 1024w, http:\/\/aunda.berlin\/wp-content\/uploads\/2023\/04\/Regale-768x576.jpg 768w, http:\/\/aunda.berlin\/wp-content\/uploads\/2023\/04\/Regale-1536x1152.jpg 1536w, http:\/\/aunda.berlin\/wp-content\/uploads\/2023\/04\/Regale-2048x1536.jpg 2048w\" sizes=\"(max-width: 300px) 100vw, 300px\" \/><\/a><figcaption id=\"caption-attachment-169\" class=\"wp-caption-text\">K\u00fcchenregal Sonderanfertung vor Fenster<\/figcaption><\/figure>\n<figure id=\"attachment_168\" aria-describedby=\"caption-attachment-168\" style=\"width: 225px\" class=\"wp-caption alignnone\"><a href=\"http:\/\/aunda.berlin\/wp-content\/uploads\/2023\/04\/Regal-scaled.jpg\"><img decoding=\"async\" loading=\"lazy\" class=\"wp-image-168 size-medium\" src=\"http:\/\/aunda.berlin\/wp-content\/uploads\/2023\/04\/Regal-225x300.jpg\" alt=\"\" width=\"225\" height=\"300\" srcset=\"http:\/\/aunda.berlin\/wp-content\/uploads\/2023\/04\/Regal-225x300.jpg 225w, http:\/\/aunda.berlin\/wp-content\/uploads\/2023\/04\/Regal-768x1024.jpg 768w, http:\/\/aunda.berlin\/wp-content\/uploads\/2023\/04\/Regal-1152x1536.jpg 1152w, http:\/\/aunda.berlin\/wp-content\/uploads\/2023\/04\/Regal-1536x2048.jpg 1536w, http:\/\/aunda.berlin\/wp-content\/uploads\/2023\/04\/Regal-scaled.jpg 1920w\" sizes=\"(max-width: 225px) 100vw, 225px\" \/><\/a><figcaption id=\"caption-attachment-168\" class=\"wp-caption-text\">K\u00fcchenregale f\u00fcr Trockenware<\/figcaption><\/figure>\n","protected":false},"excerpt":{"rendered":"","protected":false},"author":1,"featured_media":0,"parent":53,"menu_order":0,"comment_status":"closed","ping_status":"closed","template":"","meta":[],"acf":[],"_links":{"self":[{"href":"http:\/\/aunda.berlin\/index.php?rest_route=\/wp\/v2\/pages\/126"}],"collection":[{"href":"http:\/\/aunda.berlin\/index.php?rest_route=\/wp\/v2\/pages"}],"about":[{"href":"http:\/\/aunda.berlin\/index.php?rest_route=\/wp\/v2\/types\/page"}],"author":[{"embeddable":true,"href":"http:\/\/aunda.berlin\/index.php?rest_route=\/wp\/v2\/users\/1"}],"replies":[{"embeddable":true,"href":"http:\/\/aunda.berlin\/index.php?rest_route=%2Fwp%2Fv2%2Fcomments&post=126"}],"version-history":[{"count":5,"href":"http:\/\/aunda.berlin\/index.php?rest_route=\/wp\/v2\/pages\/126\/revisions"}],"predecessor-version":[{"id":219,"href":"http:\/\/aunda.berlin\/index.php?rest_route=\/wp\/v2\/pages\/126\/revisions\/219"}],"up":[{"embeddable":true,"href":"http:\/\/aunda.berlin\/index.php?rest_route=\/wp\/v2\/pages\/53"}],"wp:attachment":[{"href":"http:\/\/aunda.berlin\/index.php?rest_route=%2Fwp%2Fv2%2Fmedia&parent=126"}],"curies":[{"name":"wp","href":"https:\/\/api.w.org\/{rel}","templated":true}]}}