{"id":97,"date":"2021-01-18T22:25:44","date_gmt":"2021-01-18T21:25:44","guid":{"rendered":"http:\/\/aunda.berlin\/?page_id=97"},"modified":"2023-04-11T12:59:14","modified_gmt":"2023-04-11T10:59:14","slug":"brauereibedarf","status":"publish","type":"page","link":"http:\/\/aunda.berlin\/?page_id=97","title":{"rendered":"Brauereibedarf"},"content":{"rendered":"<figure id=\"attachment_142\" aria-describedby=\"caption-attachment-142\" style=\"width: 225px\" class=\"wp-caption alignleft\"><a href=\"http:\/\/aunda.berlin\/wp-content\/uploads\/2023\/04\/Braubehaelter1.jpg\"><img decoding=\"async\" loading=\"lazy\" class=\"wp-image-142\" src=\"http:\/\/aunda.berlin\/wp-content\/uploads\/2023\/04\/Braubehaelter1-167x300.jpg\" alt=\"\" width=\"225\" height=\"403\" srcset=\"http:\/\/aunda.berlin\/wp-content\/uploads\/2023\/04\/Braubehaelter1-167x300.jpg 167w, http:\/\/aunda.berlin\/wp-content\/uploads\/2023\/04\/Braubehaelter1-571x1024.jpg 571w, http:\/\/aunda.berlin\/wp-content\/uploads\/2023\/04\/Braubehaelter1-768x1377.jpg 768w, http:\/\/aunda.berlin\/wp-content\/uploads\/2023\/04\/Braubehaelter1.jpg 835w\" sizes=\"(max-width: 225px) 100vw, 225px\" \/><\/a><figcaption id=\"caption-attachment-142\" class=\"wp-caption-text\">Bierbraubeh\u00e4lter<\/figcaption><\/figure>\n<figure id=\"attachment_184\" aria-describedby=\"caption-attachment-184\" style=\"width: 225px\" class=\"wp-caption alignnone\"><a href=\"http:\/\/aunda.berlin\/wp-content\/uploads\/2023\/04\/Sieb1-scaled.jpg\"><img decoding=\"async\" loading=\"lazy\" class=\"wp-image-184 size-medium\" src=\"http:\/\/aunda.berlin\/wp-content\/uploads\/2023\/04\/Sieb1-225x300.jpg\" alt=\"\" width=\"225\" height=\"300\" srcset=\"http:\/\/aunda.berlin\/wp-content\/uploads\/2023\/04\/Sieb1-225x300.jpg 225w, http:\/\/aunda.berlin\/wp-content\/uploads\/2023\/04\/Sieb1-768x1024.jpg 768w, http:\/\/aunda.berlin\/wp-content\/uploads\/2023\/04\/Sieb1-1152x1536.jpg 1152w, http:\/\/aunda.berlin\/wp-content\/uploads\/2023\/04\/Sieb1-1536x2048.jpg 1536w, http:\/\/aunda.berlin\/wp-content\/uploads\/2023\/04\/Sieb1-scaled.jpg 1920w\" sizes=\"(max-width: 225px) 100vw, 225px\" \/><\/a><figcaption id=\"caption-attachment-184\" class=\"wp-caption-text\">Siebe<\/figcaption><\/figure>\n<figure id=\"attachment_92\" aria-describedby=\"caption-attachment-92\" style=\"width: 225px\" class=\"wp-caption alignleft\"><a href=\"http:\/\/aunda.berlin\/wp-content\/uploads\/2021\/01\/P2060003-e1611005267596.jpg\"><img decoding=\"async\" loading=\"lazy\" class=\"wp-image-92 size-medium\" src=\"http:\/\/aunda.berlin\/wp-content\/uploads\/2021\/01\/P2060003-e1611005267596-225x300.jpg\" alt=\"R\u00fchrfl\u00fcgel\" width=\"225\" height=\"300\" srcset=\"http:\/\/aunda.berlin\/wp-content\/uploads\/2021\/01\/P2060003-e1611005267596-225x300.jpg 225w, http:\/\/aunda.berlin\/wp-content\/uploads\/2021\/01\/P2060003-e1611005267596-768x1024.jpg 768w, http:\/\/aunda.berlin\/wp-content\/uploads\/2021\/01\/P2060003-e1611005267596.jpg 960w\" sizes=\"(max-width: 225px) 100vw, 225px\" \/><\/a><figcaption id=\"caption-attachment-92\" class=\"wp-caption-text\">R\u00fchrfl\u00fcgel aus Edelstahl f\u00fcr Brauereibeh\u00e4lter<\/figcaption><\/figure>\n","protected":false},"excerpt":{"rendered":"","protected":false},"author":1,"featured_media":0,"parent":53,"menu_order":0,"comment_status":"closed","ping_status":"closed","template":"","meta":[],"acf":[],"_links":{"self":[{"href":"http:\/\/aunda.berlin\/index.php?rest_route=\/wp\/v2\/pages\/97"}],"collection":[{"href":"http:\/\/aunda.berlin\/index.php?rest_route=\/wp\/v2\/pages"}],"about":[{"href":"http:\/\/aunda.berlin\/index.php?rest_route=\/wp\/v2\/types\/page"}],"author":[{"embeddable":true,"href":"http:\/\/aunda.berlin\/index.php?rest_route=\/wp\/v2\/users\/1"}],"replies":[{"embeddable":true,"href":"http:\/\/aunda.berlin\/index.php?rest_route=%2Fwp%2Fv2%2Fcomments&post=97"}],"version-history":[{"count":4,"href":"http:\/\/aunda.berlin\/index.php?rest_route=\/wp\/v2\/pages\/97\/revisions"}],"predecessor-version":[{"id":227,"href":"http:\/\/aunda.berlin\/index.php?rest_route=\/wp\/v2\/pages\/97\/revisions\/227"}],"up":[{"embeddable":true,"href":"http:\/\/aunda.berlin\/index.php?rest_route=\/wp\/v2\/pages\/53"}],"wp:attachment":[{"href":"http:\/\/aunda.berlin\/index.php?rest_route=%2Fwp%2Fv2%2Fmedia&parent=97"}],"curies":[{"name":"wp","href":"https:\/\/api.w.org\/{rel}","templated":true}]}}